{"id":157,"date":"2024-05-20T11:30:11","date_gmt":"2024-05-20T09:30:11","guid":{"rendered":"https:\/\/artrio.pl\/?page_id=157"},"modified":"2024-05-20T16:10:35","modified_gmt":"2024-05-20T14:10:35","slug":"cennik","status":"publish","type":"page","link":"https:\/\/artrio.pl\/?page_id=157","title":{"rendered":"Rezerwacje"},"content":{"rendered":"\n<figure class=\"wp-block-image size-large is-style-rounded\"><img loading=\"lazy\" decoding=\"async\" width=\"1024\" height=\"1024\" src=\"https:\/\/artrio.pl\/wp-content\/uploads\/2024\/04\/img_20220622_221640_509-1-1024x1024.jpg\" alt=\"Kajaki  wypo\u017cyczalnia sprz\u0119tu\" class=\"wp-image-81\" title=\"kajaki sp\u0142yw kajakowy\" srcset=\"https:\/\/artrio.pl\/wp-content\/uploads\/2024\/04\/img_20220622_221640_509-1-1024x1024.jpg 1024w, https:\/\/artrio.pl\/wp-content\/uploads\/2024\/04\/img_20220622_221640_509-1-300x300.jpg 300w, https:\/\/artrio.pl\/wp-content\/uploads\/2024\/04\/img_20220622_221640_509-1-150x150.jpg 150w, https:\/\/artrio.pl\/wp-content\/uploads\/2024\/04\/img_20220622_221640_509-1-768x768.jpg 768w, https:\/\/artrio.pl\/wp-content\/uploads\/2024\/04\/img_20220622_221640_509-1-1536x1536.jpg 1536w, https:\/\/artrio.pl\/wp-content\/uploads\/2024\/04\/img_20220622_221640_509-1-2048x2048.jpg 2048w\" sizes=\"auto, (max-width: 767px) 89vw, (max-width: 1000px) 54vw, (max-width: 1071px) 543px, 580px\" \/><figcaption class=\"wp-element-caption\">Kajaki i deski SUP<\/figcaption><\/figure>\n\n\n\n<p class=\"has-large-font-size\"><strong><em>Cennik<\/em><\/strong><\/p>\n\n\n\n<p class=\"has-large-font-size\"><strong><em>Wypo\u017cyczalnia sprz\u0119tu turystycznego:<\/em><\/strong><\/p>\n\n\n\n<ul class=\"wp-block-list\">\n<li class=\"has-medium-font-size\"><strong>Kajak dwuosobowy <\/strong> 110 z\u0142 \/ sp\u0142yw<\/li>\n\n\n\n<li class=\"has-medium-font-size\"><strong>Kajak jednoosobowy<\/strong> 90 z\u0142\/ sp\u0142yw<\/li>\n\n\n\n<li class=\"has-medium-font-size\"><strong>Deska SUP , Paddle board <\/strong>90 z\u0142\/ sp\u0142yw, 80 z\u0142- p\u0142ywanie na miejscu<\/li>\n\n\n\n<li><strong>Miejsce dodatkowe dla dziecka w kajaku<\/strong> dop\u0142ata 10 z\u0142<\/li>\n\n\n\n<li><strong>Kajak Sit on top <\/strong>120 z\u0142\/ sp\u0142yw<\/li>\n\n\n\n<li><strong>Rowery 70 z\u0142\/3h<\/strong><\/li>\n<\/ul>\n\n\n\n<p>*Ka\u017cdy kajak wyposa\u017cony we <strong>wios\u0142a i kamizelki asekuracyjne <\/strong>dla uczestnik\u00f3w sp\u0142ywu.<\/p>\n\n\n\n<p class=\"has-large-font-size\"><strong>Zarezerwuj:  SMS na nr 601 33 64 62<\/strong><\/p>\n\n\n\n<p><em>W celu rezerwacji prosz\u0119 poda\u0107 :<\/em><\/p>\n\n\n\n<ul class=\"wp-block-list\">\n<li class=\"has-medium-font-size\">dane osobowe, (Imi\u0119, Nazwisko)<\/li>\n\n\n\n<li class=\"has-medium-font-size\"> ilo\u015b\u0107 wypo\u017cyczanych sprz\u0119t\u00f3w (i jakie: np. kajak 2 os &#8211; 1 szt.)<\/li>\n\n\n\n<li class=\"has-medium-font-size\">dat\u0119 i planowan\u0105 godzin\u0119 przybycia (np. 20.07 godz. 12)<\/li>\n<\/ul>\n\n\n\n<p class=\"has-medium-font-size\"><strong>Miejsce na ognisko\/ Grill<\/strong> 20 z\u0142\/ os dla wypo\u017cyczaj\u0105cych nasz sprz\u0119t (25 z\u0142 bez wypo\u017cyczania)<\/p>\n\n\n\n<p><\/p>\n\n\n\n<p><\/p>\n\n\n\n<p><\/p>\n\n\n\n<p class=\"has-large-font-size\"><strong><em>Warsztaty <\/em><\/strong><\/p>\n\n\n\n<p class=\"has-large-font-size\"><strong><em>Kreatywne, Artystyczne, Przyrodnicze:<\/em><\/strong><\/p>\n\n\n\n<ul class=\"wp-block-list\">\n<li><strong>Warsztaty kreatywne od 60 z\u0142\/ os\/ warsztat <\/strong><\/li>\n\n\n\n<li> koszty podawane po uzgodnieniach co do ilo\u015bci uczestnik\u00f3w i sposobu organizacji warsztat\u00f3w (min. liczba uczestnik\u00f3w 10 os\u00f3b)<\/li>\n\n\n\n<li class=\"has-large-font-size\"><strong>Wy\u015blij zapytanie:  artrio.uw@gmail.com<\/strong><\/li>\n<\/ul>\n\n\n\n<p class=\"has-medium-font-size\">Dost\u0119pne warsztaty:<\/p>\n\n\n\n<ul class=\"wp-block-list\">\n<li class=\"has-medium-font-size\">Makrama &#8222;Boho ozdoba na \u015bcian\u0119&#8221;,  &#8222;Makramowy kwietnik&#8221;,  &#8222;Wisz\u0105ce makramowe lampiony&#8221;, warsztaty \u015bwi\u0105teczne- &#8222;Makramowe ozdoby na choink\u0119&#8221;<\/li>\n\n\n\n<li class=\"has-medium-font-size\">Las w s\u0142oiku &#8222;Mini ekosystem zamkni\u0119ty w szkle&#8221;<\/li>\n\n\n\n<li class=\"has-medium-font-size\">Obrazy z mchu &#8221; Natura ozdob\u0105 wn\u0119trza&#8221;<\/li>\n\n\n\n<li class=\"has-medium-font-size\">Kokedama &#8221; Japo\u0144ska kula mchu&#8221;<\/li>\n\n\n\n<li class=\"has-medium-font-size\">Shiborii &#8222;T-shirty t\u0119cz\u0105 malowane&#8221;<\/li>\n\n\n\n<li class=\"has-medium-font-size\">Kolorowe kubki, talerzyki, zestawy-  &#8222;R\u0119cznie malowana ceramika&#8221;<\/li>\n\n\n\n<li class=\"has-medium-font-size\">Ceramiczne p\u0142ytki &#8221; Malowanie azuleios&#8221;<\/li>\n\n\n\n<li class=\"has-medium-font-size\">Filc na mokro &#8222;Kolorowe etui na telefon, okulary&#8221;, &#8222;Filcowe korale&#8221;<\/li>\n\n\n\n<li class=\"has-medium-font-size\">Ikebana &#8221; Sztuka uk\u0142adania kwiat\u00f3w po japo\u0144sku&#8221;<\/li>\n\n\n\n<li class=\"has-medium-font-size\">\u015awiece sojowe\/ z wosku pszczelego\/ zapachowe &#8222;Zapach eko \u015bwiec&#8221;<\/li>\n\n\n\n<li class=\"has-medium-font-size\">Myde\u0142ka glicerynowe &#8222;Pachn\u0105ce eko myde\u0142ka&#8221;<\/li>\n\n\n\n<li class=\"has-medium-font-size\">Mini witra\u017cyki &#8222;Szk\u0142em malowane wzory&#8221;<\/li>\n\n\n\n<li class=\"has-medium-font-size\">Szklane widoczki &#8221; Zachowa\u0107 lato&#8221;<\/li>\n\n\n\n<li class=\"has-medium-font-size\">Masy plastyczne- &#8222;Fimo na weso\u0142o&#8221;<\/li>\n\n\n\n<li class=\"has-medium-font-size\">Bi\u017cuteria z Fimo &#8221; Kolorowe Bi\u017cu&#8221;<\/li>\n\n\n\n<li class=\"has-medium-font-size\">Bi\u017cuteria z koralik\u00f3w &#8222;Koralikowe bransoletki&#8221;<\/li>\n\n\n\n<li class=\"has-medium-font-size\">Masy plastyczne- Glina samoschn\u0105ca &#8221; Ozdoby tematyczne, \u015bwiateczne&#8221;<\/li>\n<\/ul>\n\n\n\n<p><\/p>\n\n\n\n<p><\/p>\n\n\n\n<p><\/p>\n\n\n\n<h2 class=\"wp-block-heading\"><\/h2>\n","protected":false},"excerpt":{"rendered":"<p>Cennik Wypo\u017cyczalnia sprz\u0119tu turystycznego: *Ka\u017cdy kajak wyposa\u017cony we wios\u0142a i kamizelki asekuracyjne dla uczestnik\u00f3w sp\u0142ywu. Zarezerwuj: SMS na nr 601 33 64 62 W celu rezerwacji prosz\u0119 poda\u0107 : Miejsce na ognisko\/ Grill 20 z\u0142\/ os dla wypo\u017cyczaj\u0105cych nasz sprz\u0119t (25 z\u0142 bez wypo\u017cyczania) Warsztaty Kreatywne, Artystyczne, Przyrodnicze: Dost\u0119pne warsztaty:<\/p>\n","protected":false},"author":1,"featured_media":0,"parent":0,"menu_order":0,"comment_status":"closed","ping_status":"closed","template":"","meta":{"footnotes":""},"class_list":["post-157","page","type-page","status-publish","hentry"],"_links":{"self":[{"href":"https:\/\/artrio.pl\/index.php?rest_route=\/wp\/v2\/pages\/157","targetHints":{"allow":["GET"]}}],"collection":[{"href":"https:\/\/artrio.pl\/index.php?rest_route=\/wp\/v2\/pages"}],"about":[{"href":"https:\/\/artrio.pl\/index.php?rest_route=\/wp\/v2\/types\/page"}],"author":[{"embeddable":true,"href":"https:\/\/artrio.pl\/index.php?rest_route=\/wp\/v2\/users\/1"}],"replies":[{"embeddable":true,"href":"https:\/\/artrio.pl\/index.php?rest_route=%2Fwp%2Fv2%2Fcomments&post=157"}],"version-history":[{"count":6,"href":"https:\/\/artrio.pl\/index.php?rest_route=\/wp\/v2\/pages\/157\/revisions"}],"predecessor-version":[{"id":176,"href":"https:\/\/artrio.pl\/index.php?rest_route=\/wp\/v2\/pages\/157\/revisions\/176"}],"wp:attachment":[{"href":"https:\/\/artrio.pl\/index.php?rest_route=%2Fwp%2Fv2%2Fmedia&parent=157"}],"curies":[{"name":"wp","href":"https:\/\/api.w.org\/{rel}","templated":true}]}}